{"id":101,"date":"2024-05-21T23:57:45","date_gmt":"2024-05-22T02:57:45","guid":{"rendered":"https:\/\/shop.patotas.com.ar\/?post_type=product&#038;p=101"},"modified":"2025-08-11T12:11:03","modified_gmt":"2025-08-11T15:11:03","slug":"dog-selection-criadores-perro-adulto-x-21-kg","status":"publish","type":"product","link":"https:\/\/shop.patotas.com.ar\/index.php\/producto\/dog-selection-criadores-perro-adulto-x-21-kg\/","title":{"rendered":"Dog Selection Criadores Perro Adulto x 21 kg"},"content":{"rendered":"<p>Las PROTE\u00cdNAS de ALTA CALIDAD utilizadas en conjunto con vitaminas, minerales y \u00e1cidos grasos ricos en Omega 3 y 6 favorecen el mantenimiento de una PIEL SANA y un PELO FUERTE Y BRILLANTE. 21% DE PROTE\u00cdNAS<\/p>\n","protected":false},"excerpt":{"rendered":"<p>Las PROTE\u00cdNAS de ALTA CALIDAD utilizadas en conjunto con vitaminas, minerales y \u00e1cidos grasos ricos en Omega 3 y 6 favorecen el mantenimiento de una PIEL SANA y un PELO FUERTE Y BRILLANTE. 21% DE PROTE\u00cdNAS<\/p>\n","protected":false},"featured_media":102,"template":"","meta":[],"product_brand":[],"product_cat":[30,48],"product_tag":[],"class_list":{"0":"post-101","1":"product","2":"type-product","3":"status-publish","4":"has-post-thumbnail","6":"product_cat-dogselection","7":"product_cat-perros","9":"first","10":"instock","11":"shipping-taxable","12":"purchasable","13":"product-type-simple"},"_links":{"self":[{"href":"https:\/\/shop.patotas.com.ar\/index.php\/wp-json\/wp\/v2\/product\/101","targetHints":{"allow":["GET"]}}],"collection":[{"href":"https:\/\/shop.patotas.com.ar\/index.php\/wp-json\/wp\/v2\/product"}],"about":[{"href":"https:\/\/shop.patotas.com.ar\/index.php\/wp-json\/wp\/v2\/types\/product"}],"wp:featuredmedia":[{"embeddable":true,"href":"https:\/\/shop.patotas.com.ar\/index.php\/wp-json\/wp\/v2\/media\/102"}],"wp:attachment":[{"href":"https:\/\/shop.patotas.com.ar\/index.php\/wp-json\/wp\/v2\/media?parent=101"}],"wp:term":[{"taxonomy":"product_brand","embeddable":true,"href":"https:\/\/shop.patotas.com.ar\/index.php\/wp-json\/wp\/v2\/product_brand?post=101"},{"taxonomy":"product_cat","embeddable":true,"href":"https:\/\/shop.patotas.com.ar\/index.php\/wp-json\/wp\/v2\/product_cat?post=101"},{"taxonomy":"product_tag","embeddable":true,"href":"https:\/\/shop.patotas.com.ar\/index.php\/wp-json\/wp\/v2\/product_tag?post=101"}],"curies":[{"name":"wp","href":"https:\/\/api.w.org\/{rel}","templated":true}]}}