{"id":103,"date":"2024-05-22T00:26:40","date_gmt":"2024-05-22T03:26:40","guid":{"rendered":"https:\/\/shop.patotas.com.ar\/?post_type=product&#038;p=103"},"modified":"2025-08-11T12:11:03","modified_gmt":"2025-08-11T15:11:03","slug":"dog-selection-criadores-adulto-perro-raza-pequena-x-15-kg","status":"publish","type":"product","link":"https:\/\/shop.patotas.com.ar\/index.php\/producto\/dog-selection-criadores-adulto-perro-raza-pequena-x-15-kg\/","title":{"rendered":"Dog Selection Criadores Adulto Perro Raza Peque\u00f1a x 15 kg"},"content":{"rendered":"<p>Las croquetas de CRIADORES RAZAS PEQUE\u00d1AS est\u00e1n especialmente ADAPTADAS a la MORDIDA de los perros m\u00e1s peque\u00f1os generando una \u00d3PTIMA DIGESTIBILIDAD. 21% DE PROTE\u00cdNAS<\/p>\n","protected":false},"excerpt":{"rendered":"<p>Las croquetas de CRIADORES RAZAS PEQUE\u00d1AS est\u00e1n especialmente ADAPTADAS a la MORDIDA de los perros m\u00e1s peque\u00f1os generando una \u00d3PTIMA DIGESTIBILIDAD. 21% DE PROTE\u00cdNAS<\/p>\n","protected":false},"featured_media":105,"template":"","meta":[],"product_brand":[],"product_cat":[30,48],"product_tag":[],"class_list":{"0":"post-103","1":"product","2":"type-product","3":"status-publish","4":"has-post-thumbnail","6":"product_cat-dogselection","7":"product_cat-perros","9":"first","10":"instock","11":"shipping-taxable","12":"purchasable","13":"product-type-simple"},"_links":{"self":[{"href":"https:\/\/shop.patotas.com.ar\/index.php\/wp-json\/wp\/v2\/product\/103","targetHints":{"allow":["GET"]}}],"collection":[{"href":"https:\/\/shop.patotas.com.ar\/index.php\/wp-json\/wp\/v2\/product"}],"about":[{"href":"https:\/\/shop.patotas.com.ar\/index.php\/wp-json\/wp\/v2\/types\/product"}],"wp:featuredmedia":[{"embeddable":true,"href":"https:\/\/shop.patotas.com.ar\/index.php\/wp-json\/wp\/v2\/media\/105"}],"wp:attachment":[{"href":"https:\/\/shop.patotas.com.ar\/index.php\/wp-json\/wp\/v2\/media?parent=103"}],"wp:term":[{"taxonomy":"product_brand","embeddable":true,"href":"https:\/\/shop.patotas.com.ar\/index.php\/wp-json\/wp\/v2\/product_brand?post=103"},{"taxonomy":"product_cat","embeddable":true,"href":"https:\/\/shop.patotas.com.ar\/index.php\/wp-json\/wp\/v2\/product_cat?post=103"},{"taxonomy":"product_tag","embeddable":true,"href":"https:\/\/shop.patotas.com.ar\/index.php\/wp-json\/wp\/v2\/product_tag?post=103"}],"curies":[{"name":"wp","href":"https:\/\/api.w.org\/{rel}","templated":true}]}}