{"id":108,"date":"2024-05-22T00:33:25","date_gmt":"2024-05-22T03:33:25","guid":{"rendered":"https:\/\/shop.patotas.com.ar\/?post_type=product&#038;p=108"},"modified":"2025-08-11T12:11:03","modified_gmt":"2025-08-11T15:11:03","slug":"dog-selection-adulto-etiqueta-negra-perro-cachorro-x-15-kg","status":"publish","type":"product","link":"https:\/\/shop.patotas.com.ar\/index.php\/producto\/dog-selection-adulto-etiqueta-negra-perro-cachorro-x-15-kg\/","title":{"rendered":"Dog Selection Adulto Etiqueta Negra Perro Cachorro x 15 kg"},"content":{"rendered":"<p>Alimento Para Perros Cachorros Dog Selection Etiqueta Negra 15kg.<\/p>\n<p>Elaborado con harinas de carne, cereales y vegetales.<\/p>\n<p>Cerebro, vista y aprendizaje: La f\u00f3rmula rica en nutrientes como el HA favorece el desarrollo del cerebro, la vista y la capacidad de aprendizaje. Los antioxidantes como la vitamina E, el BHA y el BHT, junto con la levadura de cerveza hidrolizada, refuerzan el sistema inmunitario.<\/p>\n<p>Ingredientes:<br \/>\nHarinas de carne y hueso, harina de v\u00edsceras de ave, concentrado proteico de soja, ma\u00edz, arroz, trigo, gluten de ma\u00edz, aceite desodorizado de pescado (fuente de omega 3), aceite de pollo, pulpa de remolacha (fuente de fructo oligosac\u00e1ridos FOS), levadura de cerveza, germen de trigo, leche en polvo, sal, fibra de ma\u00edz, aceite vegetal, extracto de Yucca Schidigera, sal, taurina, carbonato de calcio, fosfato de calcio, cloruro de potasio, \u00e1cido fosf\u00f3rico. Saborizante: hidrolizado de v\u00edsceras de ave, antioxidantes: BHT, BHA, TBHQ, \u00e1cido propi\u00f3nico; conservante: sorbato de potasio. Vitaminas: A, C, D3, E, K, B1, B2, B6, B12, biotina, \u00e1cido f\u00f3lico, \u00e1cido nicot\u00ednico, pantotenato de calcio, colina. Minerales: \u00f3xido de zinc, sulfato ferroso, sulfato de cobre, yodato de calcio, \u00f3xido de manganeso, selenito de sodio; amino\u00e1cidos: lisina y metionina.<\/p>\n","protected":false},"excerpt":{"rendered":"<p>Alimento Para Perros Cachorros Dog Selection Etiqueta Negra 15kg.<\/p>\n<p>Elaborado con harinas de carne, cereales y vegetales.<\/p>\n","protected":false},"featured_media":109,"template":"","meta":[],"product_brand":[],"product_cat":[30,48],"product_tag":[],"class_list":{"0":"post-108","1":"product","2":"type-product","3":"status-publish","4":"has-post-thumbnail","6":"product_cat-dogselection","7":"product_cat-perros","9":"first","10":"instock","11":"shipping-taxable","12":"purchasable","13":"product-type-simple"},"_links":{"self":[{"href":"https:\/\/shop.patotas.com.ar\/index.php\/wp-json\/wp\/v2\/product\/108","targetHints":{"allow":["GET"]}}],"collection":[{"href":"https:\/\/shop.patotas.com.ar\/index.php\/wp-json\/wp\/v2\/product"}],"about":[{"href":"https:\/\/shop.patotas.com.ar\/index.php\/wp-json\/wp\/v2\/types\/product"}],"wp:featuredmedia":[{"embeddable":true,"href":"https:\/\/shop.patotas.com.ar\/index.php\/wp-json\/wp\/v2\/media\/109"}],"wp:attachment":[{"href":"https:\/\/shop.patotas.com.ar\/index.php\/wp-json\/wp\/v2\/media?parent=108"}],"wp:term":[{"taxonomy":"product_brand","embeddable":true,"href":"https:\/\/shop.patotas.com.ar\/index.php\/wp-json\/wp\/v2\/product_brand?post=108"},{"taxonomy":"product_cat","embeddable":true,"href":"https:\/\/shop.patotas.com.ar\/index.php\/wp-json\/wp\/v2\/product_cat?post=108"},{"taxonomy":"product_tag","embeddable":true,"href":"https:\/\/shop.patotas.com.ar\/index.php\/wp-json\/wp\/v2\/product_tag?post=108"}],"curies":[{"name":"wp","href":"https:\/\/api.w.org\/{rel}","templated":true}]}}