{"id":110,"date":"2024-05-22T00:37:02","date_gmt":"2024-05-22T03:37:02","guid":{"rendered":"https:\/\/shop.patotas.com.ar\/?post_type=product&#038;p=110"},"modified":"2025-08-11T12:11:03","modified_gmt":"2025-08-11T15:11:03","slug":"dog-selection-criadores-perro-cachorro-x-21-kg","status":"publish","type":"product","link":"https:\/\/shop.patotas.com.ar\/index.php\/producto\/dog-selection-criadores-perro-cachorro-x-21-kg\/","title":{"rendered":"Dog Selection Criadores Perro Cachorro x 21 kg"},"content":{"rendered":"<p>La selecci\u00f3n de un alimento adecuado para tu mascota es muy importante para garantizar su crecimiento, desarrollo y salud. Con esta opci\u00f3n de Dog Selection podr\u00e1s cubrir las necesidades nutricionales y energ\u00e9ticas de tu perro.<\/p>\n<p>Tu mascota siempre saludable<br \/>\nEllos son parte de la familia y nos regalan su compa\u00f1\u00eda y su cari\u00f1o. Para que se mantengan sanos y fuertes, una alimentaci\u00f3n balanceada es esencial. Brindale a tu perro los nutrientes que necesita para que pueda correr, saltar y jugar todo el d\u00eda.<\/p>\n<p>Beneficios del alimento seco<br \/>\nLa mayor ventaja de la comida seca para mascotas es que se puede almacenar por mucho m\u00e1s tiempo sin que se deteriore, y evita la aparici\u00f3n de hongos o bacterias. Adem\u00e1s, este tipo de alimento ayuda a eliminar el sarro y a retrasar la formaci\u00f3n de la placa dental con el proceso de masticaci\u00f3n y trituraci\u00f3n.<\/p>\n","protected":false},"excerpt":{"rendered":"<p>La selecci\u00f3n de un alimento adecuado para tu mascota es muy importante para garantizar su crecimiento, desarrollo y salud. Con esta opci\u00f3n de Dog Selection podr\u00e1s cubrir las necesidades nutricionales y energ\u00e9ticas de tu perro.<\/p>\n","protected":false},"featured_media":111,"template":"","meta":[],"product_brand":[],"product_cat":[30,48],"product_tag":[],"class_list":{"0":"post-110","1":"product","2":"type-product","3":"status-publish","4":"has-post-thumbnail","6":"product_cat-dogselection","7":"product_cat-perros","9":"first","10":"instock","11":"shipping-taxable","12":"purchasable","13":"product-type-simple"},"_links":{"self":[{"href":"https:\/\/shop.patotas.com.ar\/index.php\/wp-json\/wp\/v2\/product\/110","targetHints":{"allow":["GET"]}}],"collection":[{"href":"https:\/\/shop.patotas.com.ar\/index.php\/wp-json\/wp\/v2\/product"}],"about":[{"href":"https:\/\/shop.patotas.com.ar\/index.php\/wp-json\/wp\/v2\/types\/product"}],"wp:featuredmedia":[{"embeddable":true,"href":"https:\/\/shop.patotas.com.ar\/index.php\/wp-json\/wp\/v2\/media\/111"}],"wp:attachment":[{"href":"https:\/\/shop.patotas.com.ar\/index.php\/wp-json\/wp\/v2\/media?parent=110"}],"wp:term":[{"taxonomy":"product_brand","embeddable":true,"href":"https:\/\/shop.patotas.com.ar\/index.php\/wp-json\/wp\/v2\/product_brand?post=110"},{"taxonomy":"product_cat","embeddable":true,"href":"https:\/\/shop.patotas.com.ar\/index.php\/wp-json\/wp\/v2\/product_cat?post=110"},{"taxonomy":"product_tag","embeddable":true,"href":"https:\/\/shop.patotas.com.ar\/index.php\/wp-json\/wp\/v2\/product_tag?post=110"}],"curies":[{"name":"wp","href":"https:\/\/api.w.org\/{rel}","templated":true}]}}