{"id":114,"date":"2024-05-22T00:43:45","date_gmt":"2024-05-22T03:43:45","guid":{"rendered":"https:\/\/shop.patotas.com.ar\/?post_type=product&#038;p=114"},"modified":"2025-08-11T12:11:03","modified_gmt":"2025-08-11T15:11:03","slug":"cat-selection-adulto-x-10-kg","status":"publish","type":"product","link":"https:\/\/shop.patotas.com.ar\/index.php\/producto\/cat-selection-adulto-x-10-kg\/","title":{"rendered":"Cat Selection Adulto x 10 kg"},"content":{"rendered":"<p>Su composici\u00f3n equilibrada contribuye a mantener bajos niveles de acidez en la orina. Las prote\u00ednas de alta calidad en conjunto con vitaminas, minerales y \u00e1cidos grasos ricos en Omega 3 y Omega 6 favorecen el mantenimiento de una piel sana y un pelo fuerte y brillante.<\/p>\n<p>32% DE PROTE\u00cdNAS.<\/p>\n","protected":false},"excerpt":{"rendered":"<p>Su composici\u00f3n equilibrada contribuye a mantener bajos niveles de acidez en la orina.<\/p>\n","protected":false},"featured_media":115,"template":"","meta":[],"product_brand":[],"product_cat":[31,50],"product_tag":[],"class_list":{"0":"post-114","1":"product","2":"type-product","3":"status-publish","4":"has-post-thumbnail","6":"product_cat-catselection","7":"product_cat-gatos","9":"first","10":"instock","11":"shipping-taxable","12":"purchasable","13":"product-type-simple"},"_links":{"self":[{"href":"https:\/\/shop.patotas.com.ar\/index.php\/wp-json\/wp\/v2\/product\/114","targetHints":{"allow":["GET"]}}],"collection":[{"href":"https:\/\/shop.patotas.com.ar\/index.php\/wp-json\/wp\/v2\/product"}],"about":[{"href":"https:\/\/shop.patotas.com.ar\/index.php\/wp-json\/wp\/v2\/types\/product"}],"wp:featuredmedia":[{"embeddable":true,"href":"https:\/\/shop.patotas.com.ar\/index.php\/wp-json\/wp\/v2\/media\/115"}],"wp:attachment":[{"href":"https:\/\/shop.patotas.com.ar\/index.php\/wp-json\/wp\/v2\/media?parent=114"}],"wp:term":[{"taxonomy":"product_brand","embeddable":true,"href":"https:\/\/shop.patotas.com.ar\/index.php\/wp-json\/wp\/v2\/product_brand?post=114"},{"taxonomy":"product_cat","embeddable":true,"href":"https:\/\/shop.patotas.com.ar\/index.php\/wp-json\/wp\/v2\/product_cat?post=114"},{"taxonomy":"product_tag","embeddable":true,"href":"https:\/\/shop.patotas.com.ar\/index.php\/wp-json\/wp\/v2\/product_tag?post=114"}],"curies":[{"name":"wp","href":"https:\/\/api.w.org\/{rel}","templated":true}]}}