{"id":121,"date":"2024-05-22T23:40:07","date_gmt":"2024-05-23T02:40:07","guid":{"rendered":"https:\/\/shop.patotas.com.ar\/?post_type=product&#038;p=121"},"modified":"2025-08-11T12:11:03","modified_gmt":"2025-08-11T15:11:03","slug":"cooperacion-gato-x-10-kg","status":"publish","type":"product","link":"https:\/\/shop.patotas.com.ar\/index.php\/producto\/cooperacion-gato-x-10-kg\/","title":{"rendered":"Cooperaci\u00f3n Gato x 10 kg"},"content":{"rendered":"<p>La selecci\u00f3n de un alimento adecuado para tu mascota es muy importante para garantizar su crecimiento, desarrollo y salud. Con esta opci\u00f3n de Cooperaci\u00f3n podr\u00e1s cubrir las necesidades nutricionales y energ\u00e9ticas de tu gato.<\/p>\n<p>Tu mascota siempre saludable<br \/>\nUna alimentaci\u00f3n equilibrada es esencial para que tu fiel compa\u00f1ero se mantenga sano y fuerte. La dieta de tu gato se refleja en su pelaje, por eso es de vital importancia que contenga todos los nutrientes necesarios para su crecimiento. Asegur\u00e1 la energ\u00eda y vitalidad de tu amigo para que pueda correr, saltar y jugar todo el d\u00eda.<\/p>\n<p>Beneficios del alimento seco<br \/>\nLa mayor ventaja de la comida seca para mascotas es que se puede almacenar por mucho m\u00e1s tiempo sin que se deteriore, y evita la aparici\u00f3n de hongos o bacterias. Adem\u00e1s, este tipo de alimento ayuda a eliminar el sarro y a retrasar la formaci\u00f3n de la placa dental con el proceso de masticaci\u00f3n y trituraci\u00f3n.<\/p>\n","protected":false},"excerpt":{"rendered":"<p>La selecci\u00f3n de un alimento adecuado para tu mascota es muy importante para garantizar su crecimiento, desarrollo y salud. Con esta opci\u00f3n de Cooperaci\u00f3n podr\u00e1s cubrir las necesidades nutricionales y energ\u00e9ticas de tu gato.<\/p>\n","protected":false},"featured_media":122,"template":"","meta":[],"product_brand":[],"product_cat":[37,50],"product_tag":[],"class_list":{"0":"post-121","1":"product","2":"type-product","3":"status-publish","4":"has-post-thumbnail","6":"product_cat-cooperacion","7":"product_cat-gatos","9":"first","10":"instock","11":"shipping-taxable","12":"purchasable","13":"product-type-simple"},"_links":{"self":[{"href":"https:\/\/shop.patotas.com.ar\/index.php\/wp-json\/wp\/v2\/product\/121","targetHints":{"allow":["GET"]}}],"collection":[{"href":"https:\/\/shop.patotas.com.ar\/index.php\/wp-json\/wp\/v2\/product"}],"about":[{"href":"https:\/\/shop.patotas.com.ar\/index.php\/wp-json\/wp\/v2\/types\/product"}],"wp:featuredmedia":[{"embeddable":true,"href":"https:\/\/shop.patotas.com.ar\/index.php\/wp-json\/wp\/v2\/media\/122"}],"wp:attachment":[{"href":"https:\/\/shop.patotas.com.ar\/index.php\/wp-json\/wp\/v2\/media?parent=121"}],"wp:term":[{"taxonomy":"product_brand","embeddable":true,"href":"https:\/\/shop.patotas.com.ar\/index.php\/wp-json\/wp\/v2\/product_brand?post=121"},{"taxonomy":"product_cat","embeddable":true,"href":"https:\/\/shop.patotas.com.ar\/index.php\/wp-json\/wp\/v2\/product_cat?post=121"},{"taxonomy":"product_tag","embeddable":true,"href":"https:\/\/shop.patotas.com.ar\/index.php\/wp-json\/wp\/v2\/product_tag?post=121"}],"curies":[{"name":"wp","href":"https:\/\/api.w.org\/{rel}","templated":true}]}}