{"id":123,"date":"2024-05-22T23:44:59","date_gmt":"2024-05-23T02:44:59","guid":{"rendered":"https:\/\/shop.patotas.com.ar\/?post_type=product&#038;p=123"},"modified":"2025-08-11T12:11:03","modified_gmt":"2025-08-11T15:11:03","slug":"dogui-perro-adulto-carne-pollo-cereales-y-vegetales-x-21-kg","status":"publish","type":"product","link":"https:\/\/shop.patotas.com.ar\/index.php\/producto\/dogui-perro-adulto-carne-pollo-cereales-y-vegetales-x-21-kg\/","title":{"rendered":"Dogui Perro Adulto &#8211; Carne, Pollo, Cereales y Vegetales x 21 kg"},"content":{"rendered":"<p>Alimento de sabor \u00fanico cuidadosamente formulado con cuatro fuentes de prote\u00ednas que le da la energ\u00eda necesaria para un buen desarrollo durante toda su vida.<\/p>\n","protected":false},"excerpt":{"rendered":"<p>Alimento de sabor \u00fanico cuidadosamente formulado con cuatro fuentes de prote\u00ednas que le da la energ\u00eda necesaria para un buen desarrollo durante toda su vida.<\/p>\n","protected":false},"featured_media":124,"template":"","meta":[],"product_brand":[],"product_cat":[26,48],"product_tag":[],"class_list":{"0":"post-123","1":"product","2":"type-product","3":"status-publish","4":"has-post-thumbnail","6":"product_cat-dogui","7":"product_cat-perros","9":"first","10":"instock","11":"shipping-taxable","12":"purchasable","13":"product-type-simple"},"_links":{"self":[{"href":"https:\/\/shop.patotas.com.ar\/index.php\/wp-json\/wp\/v2\/product\/123","targetHints":{"allow":["GET"]}}],"collection":[{"href":"https:\/\/shop.patotas.com.ar\/index.php\/wp-json\/wp\/v2\/product"}],"about":[{"href":"https:\/\/shop.patotas.com.ar\/index.php\/wp-json\/wp\/v2\/types\/product"}],"wp:featuredmedia":[{"embeddable":true,"href":"https:\/\/shop.patotas.com.ar\/index.php\/wp-json\/wp\/v2\/media\/124"}],"wp:attachment":[{"href":"https:\/\/shop.patotas.com.ar\/index.php\/wp-json\/wp\/v2\/media?parent=123"}],"wp:term":[{"taxonomy":"product_brand","embeddable":true,"href":"https:\/\/shop.patotas.com.ar\/index.php\/wp-json\/wp\/v2\/product_brand?post=123"},{"taxonomy":"product_cat","embeddable":true,"href":"https:\/\/shop.patotas.com.ar\/index.php\/wp-json\/wp\/v2\/product_cat?post=123"},{"taxonomy":"product_tag","embeddable":true,"href":"https:\/\/shop.patotas.com.ar\/index.php\/wp-json\/wp\/v2\/product_tag?post=123"}],"curies":[{"name":"wp","href":"https:\/\/api.w.org\/{rel}","templated":true}]}}