{"id":143,"date":"2024-05-29T23:52:36","date_gmt":"2024-05-30T02:52:36","guid":{"rendered":"https:\/\/shop.patotas.com.ar\/?post_type=product&#038;p=143"},"modified":"2025-08-11T12:11:03","modified_gmt":"2025-08-11T15:11:03","slug":"estampa-gato-adulto-x-8-kg","status":"publish","type":"product","link":"https:\/\/shop.patotas.com.ar\/index.php\/producto\/estampa-gato-adulto-x-8-kg\/","title":{"rendered":"Estampa Gato Adulto x 8 kg"},"content":{"rendered":"<p>Tu mascota siempre saludable<br \/>\nUna alimentaci\u00f3n equilibrada es esencial para que tu fiel compa\u00f1ero se mantenga sano y fuerte. La dieta de tu gato se refleja en su pelaje, por eso es de vital importancia que contenga todos los nutrientes necesarios para su crecimiento. Asegur\u00e1 la energ\u00eda y vitalidad de tu amigo para que pueda correr, saltar y jugar todo el d\u00eda.<\/p>\n<p>Beneficios del alimento seco<br \/>\nLa mayor ventaja de la comida seca para mascotas es que se puede almacenar por mucho m\u00e1s tiempo sin que se deteriore, y evita la aparici\u00f3n de hongos o bacterias. Adem\u00e1s, este tipo de alimento ayuda a eliminar el sarro y a retrasar la formaci\u00f3n de la placa dental con el proceso de masticaci\u00f3n y trituraci\u00f3n.<\/p>\n","protected":false},"excerpt":{"rendered":"<p>Tu mascota siempre saludable<br \/>\nUna alimentaci\u00f3n equilibrada es esencial para que tu fiel compa\u00f1ero se mantenga sano y fuerte. La dieta de tu gato se refleja en su pelaje, por eso es de vital importancia que contenga todos los nutrientes necesarios para su crecimiento. Asegur\u00e1 la energ\u00eda y vitalidad de tu amigo para que pueda correr, saltar y jugar todo el d\u00eda.<\/p>\n","protected":false},"featured_media":144,"template":"","meta":[],"product_brand":[],"product_cat":[24,50],"product_tag":[],"class_list":{"0":"post-143","1":"product","2":"type-product","3":"status-publish","4":"has-post-thumbnail","6":"product_cat-estampa","7":"product_cat-gatos","9":"first","10":"instock","11":"shipping-taxable","12":"purchasable","13":"product-type-simple"},"_links":{"self":[{"href":"https:\/\/shop.patotas.com.ar\/index.php\/wp-json\/wp\/v2\/product\/143","targetHints":{"allow":["GET"]}}],"collection":[{"href":"https:\/\/shop.patotas.com.ar\/index.php\/wp-json\/wp\/v2\/product"}],"about":[{"href":"https:\/\/shop.patotas.com.ar\/index.php\/wp-json\/wp\/v2\/types\/product"}],"wp:featuredmedia":[{"embeddable":true,"href":"https:\/\/shop.patotas.com.ar\/index.php\/wp-json\/wp\/v2\/media\/144"}],"wp:attachment":[{"href":"https:\/\/shop.patotas.com.ar\/index.php\/wp-json\/wp\/v2\/media?parent=143"}],"wp:term":[{"taxonomy":"product_brand","embeddable":true,"href":"https:\/\/shop.patotas.com.ar\/index.php\/wp-json\/wp\/v2\/product_brand?post=143"},{"taxonomy":"product_cat","embeddable":true,"href":"https:\/\/shop.patotas.com.ar\/index.php\/wp-json\/wp\/v2\/product_cat?post=143"},{"taxonomy":"product_tag","embeddable":true,"href":"https:\/\/shop.patotas.com.ar\/index.php\/wp-json\/wp\/v2\/product_tag?post=143"}],"curies":[{"name":"wp","href":"https:\/\/api.w.org\/{rel}","templated":true}]}}