{"id":274,"date":"2024-06-11T22:33:06","date_gmt":"2024-06-12T01:33:06","guid":{"rendered":"https:\/\/shop.patotas.com.ar\/?post_type=product&#038;p=274"},"modified":"2025-08-11T12:11:04","modified_gmt":"2025-08-11T15:11:04","slug":"old-prince-premium-perro-raza-m-g-pollo-y-carne-x-20-kg","status":"publish","type":"product","link":"https:\/\/shop.patotas.com.ar\/index.php\/producto\/old-prince-premium-perro-raza-m-g-pollo-y-carne-x-20-kg\/","title":{"rendered":"Old Prince Premium Perro Raza M\/G Pollo y Carne x 20 kg"},"content":{"rendered":"<p>La selecci\u00f3n de un alimento adecuado para tu mascota es muy importante para garantizar su crecimiento, desarrollo y salud. Con esta opci\u00f3n de Old Prince podr\u00e1s cubrir las necesidades nutricionales y energ\u00e9ticas de tu perro.<\/p>\n<p>Tu mascota siempre saludable<br \/>\nEllos son parte de la familia y nos regalan su compa\u00f1\u00eda y su cari\u00f1o. Para que se mantengan sanos y fuertes, una alimentaci\u00f3n balanceada es esencial. Brindale a tu perro los nutrientes que necesita para que pueda correr, saltar y jugar todo el d\u00eda.<\/p>\n<p>Beneficios del alimento seco<br \/>\nLa mayor ventaja de la comida seca para mascotas es que se puede almacenar por mucho m\u00e1s tiempo sin que se deteriore, y evita la aparici\u00f3n de hongos o bacterias. Adem\u00e1s, este tipo de alimento ayuda a eliminar el sarro y a retrasar la formaci\u00f3n de la placa dental con el proceso de masticaci\u00f3n y trituraci\u00f3n.<\/p>\n<p>Prote\u00edna para una nutrici\u00f3n completa<br \/>\nAlimento rico en prote\u00edna animal de alto valor biol\u00f3gico, contiene minerales como calcio, f\u00f3sforo, potasio y hierro, vitaminas A, D y E, fibras y \u00e1cidos grasos esenciales. Estos nutrientes favorecen el fortalecimiento del sistema inmunol\u00f3gico de tu mascota y el correcto funcionamiento de sus sistemas vitales. Adem\u00e1s, contribuyen a la salud de su pelo, piel y u\u00f1as y al mantenimiento de sus tendones, m\u00fasculos y huesos.<\/p>\n","protected":false},"excerpt":{"rendered":"<p>La selecci\u00f3n de un alimento adecuado para tu mascota es muy importante para garantizar su crecimiento, desarrollo y salud. Con esta opci\u00f3n de Old Prince podr\u00e1s cubrir las necesidades nutricionales y energ\u00e9ticas de tu perro. Tu mascota siempre saludable Ellos son parte de la familia y nos regalan su compa\u00f1\u00eda y su cari\u00f1o. Para que [&hellip;]<\/p>\n","protected":false},"featured_media":277,"template":"","meta":[],"product_brand":[],"product_cat":[21],"product_tag":[],"class_list":{"0":"post-274","1":"product","2":"type-product","3":"status-publish","4":"has-post-thumbnail","6":"product_cat-oldprince","8":"first","9":"instock","10":"shipping-taxable","11":"purchasable","12":"product-type-simple"},"_links":{"self":[{"href":"https:\/\/shop.patotas.com.ar\/index.php\/wp-json\/wp\/v2\/product\/274","targetHints":{"allow":["GET"]}}],"collection":[{"href":"https:\/\/shop.patotas.com.ar\/index.php\/wp-json\/wp\/v2\/product"}],"about":[{"href":"https:\/\/shop.patotas.com.ar\/index.php\/wp-json\/wp\/v2\/types\/product"}],"wp:featuredmedia":[{"embeddable":true,"href":"https:\/\/shop.patotas.com.ar\/index.php\/wp-json\/wp\/v2\/media\/277"}],"wp:attachment":[{"href":"https:\/\/shop.patotas.com.ar\/index.php\/wp-json\/wp\/v2\/media?parent=274"}],"wp:term":[{"taxonomy":"product_brand","embeddable":true,"href":"https:\/\/shop.patotas.com.ar\/index.php\/wp-json\/wp\/v2\/product_brand?post=274"},{"taxonomy":"product_cat","embeddable":true,"href":"https:\/\/shop.patotas.com.ar\/index.php\/wp-json\/wp\/v2\/product_cat?post=274"},{"taxonomy":"product_tag","embeddable":true,"href":"https:\/\/shop.patotas.com.ar\/index.php\/wp-json\/wp\/v2\/product_tag?post=274"}],"curies":[{"name":"wp","href":"https:\/\/api.w.org\/{rel}","templated":true}]}}