{"id":285,"date":"2024-06-11T22:52:42","date_gmt":"2024-06-12T01:52:42","guid":{"rendered":"https:\/\/shop.patotas.com.ar\/?post_type=product&#038;p=285"},"modified":"2025-08-11T12:11:04","modified_gmt":"2025-08-11T15:11:04","slug":"old-prince-perro-adulto-small-cordero-y-arroz-x-3-kg","status":"publish","type":"product","link":"https:\/\/shop.patotas.com.ar\/index.php\/producto\/old-prince-perro-adulto-small-cordero-y-arroz-x-3-kg\/","title":{"rendered":"Old Prince Perro Adulto Small Cordero y Arroz x 3 kg"},"content":{"rendered":"<p>Prote\u00edna para una nutrici\u00f3n completa<br \/>\nAlimento rico en prote\u00edna animal de alto valor biol\u00f3gico, contiene minerales como calcio, f\u00f3sforo, potasio y hierro, vitaminas A, D y E, fibras y \u00e1cidos grasos esenciales. Estos nutrientes favorecen el fortalecimiento del sistema inmunol\u00f3gico de tu mascota y el correcto funcionamiento de sus sistemas vitales. Adem\u00e1s, contribuyen a la salud de su pelo, piel y u\u00f1as y al mantenimiento de sus tendones, m\u00fasculos y huesos.<\/p>\n","protected":false},"excerpt":{"rendered":"<p>Prote\u00edna para una nutrici\u00f3n completa Alimento rico en prote\u00edna animal de alto valor biol\u00f3gico, contiene minerales como calcio, f\u00f3sforo, potasio y hierro, vitaminas A, D y E, fibras y \u00e1cidos grasos esenciales. Estos nutrientes favorecen el fortalecimiento del sistema inmunol\u00f3gico de tu mascota y el correcto funcionamiento de sus sistemas vitales. Adem\u00e1s, contribuyen a la [&hellip;]<\/p>\n","protected":false},"featured_media":273,"template":"","meta":[],"product_brand":[],"product_cat":[21],"product_tag":[],"class_list":{"0":"post-285","1":"product","2":"type-product","3":"status-publish","4":"has-post-thumbnail","6":"product_cat-oldprince","8":"first","9":"instock","10":"shipping-taxable","11":"purchasable","12":"product-type-simple"},"_links":{"self":[{"href":"https:\/\/shop.patotas.com.ar\/index.php\/wp-json\/wp\/v2\/product\/285","targetHints":{"allow":["GET"]}}],"collection":[{"href":"https:\/\/shop.patotas.com.ar\/index.php\/wp-json\/wp\/v2\/product"}],"about":[{"href":"https:\/\/shop.patotas.com.ar\/index.php\/wp-json\/wp\/v2\/types\/product"}],"wp:featuredmedia":[{"embeddable":true,"href":"https:\/\/shop.patotas.com.ar\/index.php\/wp-json\/wp\/v2\/media\/273"}],"wp:attachment":[{"href":"https:\/\/shop.patotas.com.ar\/index.php\/wp-json\/wp\/v2\/media?parent=285"}],"wp:term":[{"taxonomy":"product_brand","embeddable":true,"href":"https:\/\/shop.patotas.com.ar\/index.php\/wp-json\/wp\/v2\/product_brand?post=285"},{"taxonomy":"product_cat","embeddable":true,"href":"https:\/\/shop.patotas.com.ar\/index.php\/wp-json\/wp\/v2\/product_cat?post=285"},{"taxonomy":"product_tag","embeddable":true,"href":"https:\/\/shop.patotas.com.ar\/index.php\/wp-json\/wp\/v2\/product_tag?post=285"}],"curies":[{"name":"wp","href":"https:\/\/api.w.org\/{rel}","templated":true}]}}