{"id":303,"date":"2024-06-11T23:08:55","date_gmt":"2024-06-12T02:08:55","guid":{"rendered":"https:\/\/shop.patotas.com.ar\/?post_type=product&#038;p=303"},"modified":"2025-08-11T12:11:04","modified_gmt":"2025-08-11T15:11:04","slug":"old-prince-premium-perro-raza-m-g-cordero-x-15-kg","status":"publish","type":"product","link":"https:\/\/shop.patotas.com.ar\/index.php\/producto\/old-prince-premium-perro-raza-m-g-cordero-x-15-kg\/","title":{"rendered":"Old Prince Premium Perro Raza M\/G Cordero x 15 kg"},"content":{"rendered":"<p>Old Prince Premium Adultos sabor Cordero es un alimento balanceado para perros adultos. Su f\u00f3rmula contiene un 25% de prote\u00edna, adem\u00e1s de ofrecer los nutrientes necesarios para el correcto desarrollo de la vida adulta del perro. As\u00ed mismo, es 100% natural y no contiene soja, siendo una opci\u00f3n s\u00faper saludable. Este alimento est\u00e1 dise\u00f1ado para fortalecer la estructura corporal y mejorar la salud de la piel y el pelaje, manteni\u00e9ndolo suave y brillante. Tambi\u00e9n aporta a la salud digestiva del perro.<\/p>\n","protected":false},"excerpt":{"rendered":"<p>Old Prince Premium Adultos sabor Cordero es un alimento balanceado para perros adultos. Su f\u00f3rmula contiene un 25% de prote\u00edna, adem\u00e1s de ofrecer los nutrientes necesarios para el correcto desarrollo de la vida adulta del perro. As\u00ed mismo, es 100% natural y no contiene soja, siendo una opci\u00f3n s\u00faper saludable. Este alimento est\u00e1 dise\u00f1ado para [&hellip;]<\/p>\n","protected":false},"featured_media":304,"template":"","meta":[],"product_brand":[],"product_cat":[21],"product_tag":[],"class_list":{"0":"post-303","1":"product","2":"type-product","3":"status-publish","4":"has-post-thumbnail","6":"product_cat-oldprince","8":"first","9":"instock","10":"shipping-taxable","11":"purchasable","12":"product-type-simple"},"_links":{"self":[{"href":"https:\/\/shop.patotas.com.ar\/index.php\/wp-json\/wp\/v2\/product\/303","targetHints":{"allow":["GET"]}}],"collection":[{"href":"https:\/\/shop.patotas.com.ar\/index.php\/wp-json\/wp\/v2\/product"}],"about":[{"href":"https:\/\/shop.patotas.com.ar\/index.php\/wp-json\/wp\/v2\/types\/product"}],"wp:featuredmedia":[{"embeddable":true,"href":"https:\/\/shop.patotas.com.ar\/index.php\/wp-json\/wp\/v2\/media\/304"}],"wp:attachment":[{"href":"https:\/\/shop.patotas.com.ar\/index.php\/wp-json\/wp\/v2\/media?parent=303"}],"wp:term":[{"taxonomy":"product_brand","embeddable":true,"href":"https:\/\/shop.patotas.com.ar\/index.php\/wp-json\/wp\/v2\/product_brand?post=303"},{"taxonomy":"product_cat","embeddable":true,"href":"https:\/\/shop.patotas.com.ar\/index.php\/wp-json\/wp\/v2\/product_cat?post=303"},{"taxonomy":"product_tag","embeddable":true,"href":"https:\/\/shop.patotas.com.ar\/index.php\/wp-json\/wp\/v2\/product_tag?post=303"}],"curies":[{"name":"wp","href":"https:\/\/api.w.org\/{rel}","templated":true}]}}