{"id":307,"date":"2024-06-11T23:13:48","date_gmt":"2024-06-12T02:13:48","guid":{"rendered":"https:\/\/shop.patotas.com.ar\/?post_type=product&#038;p=307"},"modified":"2025-08-11T12:11:04","modified_gmt":"2025-08-11T15:11:04","slug":"old-prince-premium-gato-adulto-pollo-x-75-kg","status":"publish","type":"product","link":"https:\/\/shop.patotas.com.ar\/index.php\/producto\/old-prince-premium-gato-adulto-pollo-x-75-kg\/","title":{"rendered":"Old Prince Premium Gato Adulto Pollo  x 7,5 kg"},"content":{"rendered":"<p>La nueva l\u00ednea para gatos Old Prince Premium es el inicio de gama para una alimentaci\u00f3n de excelencia para tu felino, con un alto porcentaje de prote\u00edna.<\/p>\n","protected":false},"excerpt":{"rendered":"<p>La nueva l\u00ednea para gatos Old Prince Premium es el inicio de gama para una alimentaci\u00f3n de excelencia para tu felino, con un alto porcentaje de prote\u00edna.<\/p>\n","protected":false},"featured_media":308,"template":"","meta":[],"product_brand":[],"product_cat":[21],"product_tag":[],"class_list":{"0":"post-307","1":"product","2":"type-product","3":"status-publish","4":"has-post-thumbnail","6":"product_cat-oldprince","8":"first","9":"instock","10":"shipping-taxable","11":"purchasable","12":"product-type-simple"},"_links":{"self":[{"href":"https:\/\/shop.patotas.com.ar\/index.php\/wp-json\/wp\/v2\/product\/307","targetHints":{"allow":["GET"]}}],"collection":[{"href":"https:\/\/shop.patotas.com.ar\/index.php\/wp-json\/wp\/v2\/product"}],"about":[{"href":"https:\/\/shop.patotas.com.ar\/index.php\/wp-json\/wp\/v2\/types\/product"}],"wp:featuredmedia":[{"embeddable":true,"href":"https:\/\/shop.patotas.com.ar\/index.php\/wp-json\/wp\/v2\/media\/308"}],"wp:attachment":[{"href":"https:\/\/shop.patotas.com.ar\/index.php\/wp-json\/wp\/v2\/media?parent=307"}],"wp:term":[{"taxonomy":"product_brand","embeddable":true,"href":"https:\/\/shop.patotas.com.ar\/index.php\/wp-json\/wp\/v2\/product_brand?post=307"},{"taxonomy":"product_cat","embeddable":true,"href":"https:\/\/shop.patotas.com.ar\/index.php\/wp-json\/wp\/v2\/product_cat?post=307"},{"taxonomy":"product_tag","embeddable":true,"href":"https:\/\/shop.patotas.com.ar\/index.php\/wp-json\/wp\/v2\/product_tag?post=307"}],"curies":[{"name":"wp","href":"https:\/\/api.w.org\/{rel}","templated":true}]}}