{"id":313,"date":"2024-06-11T23:22:43","date_gmt":"2024-06-12T02:22:43","guid":{"rendered":"https:\/\/shop.patotas.com.ar\/?post_type=product&#038;p=313"},"modified":"2025-08-11T12:11:04","modified_gmt":"2025-08-11T15:11:04","slug":"old-prince-gato-sterilized-pollo-y-arroz-x-3-kg","status":"publish","type":"product","link":"https:\/\/shop.patotas.com.ar\/index.php\/producto\/old-prince-gato-sterilized-pollo-y-arroz-x-3-kg\/","title":{"rendered":"Old Prince Gato Sterilized Pollo y Arroz x 3 kg"},"content":{"rendered":"<p>Harina de pollo, arroz, gluten de ma\u00edz, alb\u00famina en polvo, plasma bovino en polvo, huevo en polvo, trigo, grasa animal (pollo), aceite de pescado (fuente de omega 3), hidrolizado proteico de menudencias porcinas, pulpa de remolacha (fuente de fructo-oligosac\u00e1ridos \u2013 FOS), levadura de cerveza, fuente de fibra insoluble (celulosa), nucle\u00f3tidos de levadura, acidificante en polvo (bisulfato \u00e1cido de sodio), extracto de yucca schidigera, manano-oligosac\u00e1ridos \u2013 MOS, L-carnitina, carbonato de calcio, dipropionato de amonio, \u00e1cido propi\u00f3nico, pirofosfato \u00e1cido de sodio, glucosamina, condroitin sulfato, col\u00e1geno hidrolizado, metionina, antioxidantes naturales: extracto de romero, \u00e1cido c\u00edtrico, vitamina C, betacaroteno, lute\u00edna, polifenoles, taurina, vitaminas: A, D3, E, K, B1, B2, B6, B12, \u00e1cido f\u00f3lico, \u00e1cido nicot\u00ednico, pantotenato de calcio, biotina, colina, minerales: zinc, hierro, cobre, manganeso, yodo, selenio.<\/p>\n","protected":false},"excerpt":{"rendered":"<p>Harina de pollo, arroz, gluten de ma\u00edz, alb\u00famina en polvo, plasma bovino en polvo, huevo en polvo, trigo, grasa animal (pollo), aceite de pescado (fuente de omega 3), hidrolizado proteico de menudencias porcinas, pulpa de remolacha (fuente de fructo-oligosac\u00e1ridos \u2013 FOS).<\/p>\n","protected":false},"featured_media":312,"template":"","meta":[],"product_brand":[],"product_cat":[21],"product_tag":[],"class_list":{"0":"post-313","1":"product","2":"type-product","3":"status-publish","4":"has-post-thumbnail","6":"product_cat-oldprince","8":"first","9":"instock","10":"shipping-taxable","11":"purchasable","12":"product-type-simple"},"_links":{"self":[{"href":"https:\/\/shop.patotas.com.ar\/index.php\/wp-json\/wp\/v2\/product\/313","targetHints":{"allow":["GET"]}}],"collection":[{"href":"https:\/\/shop.patotas.com.ar\/index.php\/wp-json\/wp\/v2\/product"}],"about":[{"href":"https:\/\/shop.patotas.com.ar\/index.php\/wp-json\/wp\/v2\/types\/product"}],"wp:featuredmedia":[{"embeddable":true,"href":"https:\/\/shop.patotas.com.ar\/index.php\/wp-json\/wp\/v2\/media\/312"}],"wp:attachment":[{"href":"https:\/\/shop.patotas.com.ar\/index.php\/wp-json\/wp\/v2\/media?parent=313"}],"wp:term":[{"taxonomy":"product_brand","embeddable":true,"href":"https:\/\/shop.patotas.com.ar\/index.php\/wp-json\/wp\/v2\/product_brand?post=313"},{"taxonomy":"product_cat","embeddable":true,"href":"https:\/\/shop.patotas.com.ar\/index.php\/wp-json\/wp\/v2\/product_cat?post=313"},{"taxonomy":"product_tag","embeddable":true,"href":"https:\/\/shop.patotas.com.ar\/index.php\/wp-json\/wp\/v2\/product_tag?post=313"}],"curies":[{"name":"wp","href":"https:\/\/api.w.org\/{rel}","templated":true}]}}