{"id":315,"date":"2024-06-12T00:32:13","date_gmt":"2024-06-12T03:32:13","guid":{"rendered":"https:\/\/shop.patotas.com.ar\/?post_type=product&#038;p=315"},"modified":"2025-08-11T12:11:04","modified_gmt":"2025-08-11T15:11:04","slug":"old-prince-premium-kitten-x-75-kg","status":"publish","type":"product","link":"https:\/\/shop.patotas.com.ar\/index.php\/producto\/old-prince-premium-kitten-x-75-kg\/","title":{"rendered":"Old Prince Premium Kitten x 7,5 kg"},"content":{"rendered":"<p>Harina de pollo, arroz, gluten de ma\u00edz, harina de pescado, harina de carne vacuna, arveja, aceite de pollo, aceite de pescado (fuente de omega 3 y 6), pulpa de remolacha (fuente de fructo-oligosac\u00e1ridos-FOS), levadura de cerveza, hidrolizado proteico de menudencias porcinas, sal yodada, fibra insoluble (celulosa), acidificante en polvo (bisulfato \u00e1cido de sodio), extracto de yucca schidigera, L-carnitina, lisina, taurina, metionina, \u00e1cido c\u00edtrico, lecitina, tocofero-les, extracto de romero, dipropionato de calcio, \u00e1cido propi\u00f3nico, n\u00facleo vitam\u00ednico mineral; vitaminas A, D3, E, K, B1, B2, B6, B12, \u00e1cido f\u00f3lico, \u00e1cido nicot\u00ednico, pantotenato de calcio, biotina, colina, minerales; zinc, hierro, cobre, yodo, manga- neso y selenio.<\/p>\n","protected":false},"excerpt":{"rendered":"<p>Harina de pollo, arroz, gluten de ma\u00edz, harina de pescado, harina de carne vacuna, arveja, aceite de pollo, aceite de pescado (fuente de omega 3 y 6), pulpa de remolacha (fuente de fructo-oligosac\u00e1ridos-FOS), levadura de cerveza, hidrolizado proteico de menudencias porcinas, sal yodada, fibra insoluble.<\/p>\n","protected":false},"featured_media":316,"template":"","meta":[],"product_brand":[],"product_cat":[21],"product_tag":[],"class_list":{"0":"post-315","1":"product","2":"type-product","3":"status-publish","4":"has-post-thumbnail","6":"product_cat-oldprince","8":"first","9":"instock","10":"shipping-taxable","11":"purchasable","12":"product-type-simple"},"_links":{"self":[{"href":"https:\/\/shop.patotas.com.ar\/index.php\/wp-json\/wp\/v2\/product\/315","targetHints":{"allow":["GET"]}}],"collection":[{"href":"https:\/\/shop.patotas.com.ar\/index.php\/wp-json\/wp\/v2\/product"}],"about":[{"href":"https:\/\/shop.patotas.com.ar\/index.php\/wp-json\/wp\/v2\/types\/product"}],"wp:featuredmedia":[{"embeddable":true,"href":"https:\/\/shop.patotas.com.ar\/index.php\/wp-json\/wp\/v2\/media\/316"}],"wp:attachment":[{"href":"https:\/\/shop.patotas.com.ar\/index.php\/wp-json\/wp\/v2\/media?parent=315"}],"wp:term":[{"taxonomy":"product_brand","embeddable":true,"href":"https:\/\/shop.patotas.com.ar\/index.php\/wp-json\/wp\/v2\/product_brand?post=315"},{"taxonomy":"product_cat","embeddable":true,"href":"https:\/\/shop.patotas.com.ar\/index.php\/wp-json\/wp\/v2\/product_cat?post=315"},{"taxonomy":"product_tag","embeddable":true,"href":"https:\/\/shop.patotas.com.ar\/index.php\/wp-json\/wp\/v2\/product_tag?post=315"}],"curies":[{"name":"wp","href":"https:\/\/api.w.org\/{rel}","templated":true}]}}