{"id":317,"date":"2024-06-12T00:35:14","date_gmt":"2024-06-12T03:35:14","guid":{"rendered":"https:\/\/shop.patotas.com.ar\/?post_type=product&#038;p=317"},"modified":"2025-08-11T12:11:04","modified_gmt":"2025-08-11T15:11:04","slug":"317","status":"publish","type":"product","link":"https:\/\/shop.patotas.com.ar\/index.php\/producto\/317\/","title":{"rendered":"Pedigree Adulto Etapa 3"},"content":{"rendered":"<p>Pedigree\u00ae adulto 7+ etapa 3 &#8211; 7 a\u00f1os o m\u00e1s Pedigree\u00ae adulto etapa 3 es alimento seco 100% completo y balanceado, elaborado especialmente para perros mayores a 7 a\u00f1os. con antioxidantes, vitaminas y minerales para contribuir a su vitalidad. la nutrici\u00f3n profesional de Pedigree\u00ae cubre las principales necesidades de los perros: \u2022 con antioxidantes que contribuyen a mantener su calidad de vida protegiendo sus c\u00e9lulas de los efectos de la edad. \u2022 sistema inmune fuerte: ayuda a mantener su sistema inmunol\u00f3gico gracias a la vitamina e, antioxidante natural que contribuye a sus defensas. \u2022 contribuye a una salud oral \u00f3ptima con cada croqueta, pues ayudan a la limpieza de sus dientes, a reducir la formaci\u00f3n del sarro y a que sus enc\u00edas est\u00e9n m\u00e1s saludables. \u2022 sistema digestivo saludable: contribuye a un sistema digestivo saludable y heces m\u00e1s firmes gracias a su contenido de fibra y prote\u00ednas de calidad. \u2022 piel y pelo saludables, gracias al omega 6 y el zinc, que ayudan a nutrir y fortalecer su piel, contribuyendo a la protecci\u00f3n contra agresiones externas y a que su pelo est\u00e9 m\u00e1s sano.<\/p>\n","protected":false},"excerpt":{"rendered":"<p>Pedigree\u00ae adulto 7+ etapa 3 &#8211; 7 a\u00f1os o m\u00e1s Pedigree\u00ae adulto etapa 3 es alimento seco 100% completo y balanceado, elaborado especialmente para perros mayores a 7 a\u00f1os. con antioxidantes, vitaminas y minerales para contribuir a su vitalidad. la nutrici\u00f3n profesional de Pedigree\u00ae cubre las principales necesidades de los perros: \u2022 con antioxidantes que contribuyen a mantener su calidad de vida protegiendo sus c\u00e9lulas de los efectos de la edad.<\/p>\n","protected":false},"featured_media":318,"template":"","meta":[],"product_brand":[],"product_cat":[18],"product_tag":[],"class_list":{"0":"post-317","1":"product","2":"type-product","3":"status-publish","4":"has-post-thumbnail","6":"product_cat-pedigree","8":"first","9":"instock","10":"shipping-taxable","11":"purchasable","12":"product-type-simple"},"_links":{"self":[{"href":"https:\/\/shop.patotas.com.ar\/index.php\/wp-json\/wp\/v2\/product\/317","targetHints":{"allow":["GET"]}}],"collection":[{"href":"https:\/\/shop.patotas.com.ar\/index.php\/wp-json\/wp\/v2\/product"}],"about":[{"href":"https:\/\/shop.patotas.com.ar\/index.php\/wp-json\/wp\/v2\/types\/product"}],"wp:featuredmedia":[{"embeddable":true,"href":"https:\/\/shop.patotas.com.ar\/index.php\/wp-json\/wp\/v2\/media\/318"}],"wp:attachment":[{"href":"https:\/\/shop.patotas.com.ar\/index.php\/wp-json\/wp\/v2\/media?parent=317"}],"wp:term":[{"taxonomy":"product_brand","embeddable":true,"href":"https:\/\/shop.patotas.com.ar\/index.php\/wp-json\/wp\/v2\/product_brand?post=317"},{"taxonomy":"product_cat","embeddable":true,"href":"https:\/\/shop.patotas.com.ar\/index.php\/wp-json\/wp\/v2\/product_cat?post=317"},{"taxonomy":"product_tag","embeddable":true,"href":"https:\/\/shop.patotas.com.ar\/index.php\/wp-json\/wp\/v2\/product_tag?post=317"}],"curies":[{"name":"wp","href":"https:\/\/api.w.org\/{rel}","templated":true}]}}