{"id":54,"date":"2024-05-20T22:59:04","date_gmt":"2024-05-21T01:59:04","guid":{"rendered":"https:\/\/shop.patotas.com.ar\/?post_type=product&#038;p=54"},"modified":"2025-08-11T12:11:03","modified_gmt":"2025-08-11T15:11:03","slug":"agility-cachorros","status":"publish","type":"product","link":"https:\/\/shop.patotas.com.ar\/index.php\/producto\/agility-cachorros\/","title":{"rendered":"Agility Cachorros x 15kg"},"content":{"rendered":"<p>Durante el primer a\u00f1o de vida es fundamental que el cachorro reciba una alimentaci\u00f3n con todos los nutrientes claves para su crecimiento. Agility Cachorros est\u00e1 dise\u00f1ado especialmente para cubrir sus requerimientos nutricionales y brindarle una vida saludable. Contiene un nivel energ\u00e9tico y proteico ideal, necesario para la primera etapa de vida.<\/p>\n","protected":false},"excerpt":{"rendered":"<p>Agility Cachorros est\u00e1 dise\u00f1ado especialmente para cubrir sus requerimientos nutricionales y brindarle una vida saludable.<\/p>\n","protected":false},"featured_media":55,"template":"","meta":[],"product_brand":[],"product_cat":[32,48],"product_tag":[],"class_list":{"0":"post-54","1":"product","2":"type-product","3":"status-publish","4":"has-post-thumbnail","6":"product_cat-agility","7":"product_cat-perros","9":"first","10":"instock","11":"shipping-taxable","12":"purchasable","13":"product-type-simple"},"_links":{"self":[{"href":"https:\/\/shop.patotas.com.ar\/index.php\/wp-json\/wp\/v2\/product\/54","targetHints":{"allow":["GET"]}}],"collection":[{"href":"https:\/\/shop.patotas.com.ar\/index.php\/wp-json\/wp\/v2\/product"}],"about":[{"href":"https:\/\/shop.patotas.com.ar\/index.php\/wp-json\/wp\/v2\/types\/product"}],"wp:featuredmedia":[{"embeddable":true,"href":"https:\/\/shop.patotas.com.ar\/index.php\/wp-json\/wp\/v2\/media\/55"}],"wp:attachment":[{"href":"https:\/\/shop.patotas.com.ar\/index.php\/wp-json\/wp\/v2\/media?parent=54"}],"wp:term":[{"taxonomy":"product_brand","embeddable":true,"href":"https:\/\/shop.patotas.com.ar\/index.php\/wp-json\/wp\/v2\/product_brand?post=54"},{"taxonomy":"product_cat","embeddable":true,"href":"https:\/\/shop.patotas.com.ar\/index.php\/wp-json\/wp\/v2\/product_cat?post=54"},{"taxonomy":"product_tag","embeddable":true,"href":"https:\/\/shop.patotas.com.ar\/index.php\/wp-json\/wp\/v2\/product_tag?post=54"}],"curies":[{"name":"wp","href":"https:\/\/api.w.org\/{rel}","templated":true}]}}