{"id":60,"date":"2024-05-20T23:01:08","date_gmt":"2024-05-21T02:01:08","guid":{"rendered":"https:\/\/shop.patotas.com.ar\/?post_type=product&#038;p=60"},"modified":"2025-08-11T12:11:03","modified_gmt":"2025-08-11T15:11:03","slug":"agility-gato-adulto-x-10kg","status":"publish","type":"product","link":"https:\/\/shop.patotas.com.ar\/index.php\/producto\/agility-gato-adulto-x-10kg\/","title":{"rendered":"Agility Gato Adulto x 10kg"},"content":{"rendered":"<p>Agility Cats Adultos es un alimento balanceado completo, cocido por extrusi\u00f3n, resultado de una mezcla equilibrada de macronutrientes, micronutrientes y aditivos de alt\u00edsima calidad que cubren los requerimientos alimenticios de los gatos adultos desde las 1 a\u00f1o hasta los 7 a\u00f1os, con actividad normal. Entre sus ingredientes se destacan: los \u00e1cidos grasos Omega 3 y 6 que colaboran en la mejora de la piel y el brillo del pelo; las fibras naturales, pulpa de remolacha + FOS; un balance correcto de ingredientes y minerales que contribuye con la salud del tracto urinario; y las prote\u00ednas de alta digestibilidad que ayudan a tener los m\u00fasculos sanos y un buen funcionamiento metab\u00f3lico.<\/p>\n","protected":false},"excerpt":{"rendered":"<p>Agility Cats Adultos es un alimento balanceado completo, cocido por extrusi\u00f3n, resultado de una mezcla equilibrada de macronutrientes, micronutrientes y aditivos de alt\u00edsima calidad.<\/p>\n","protected":false},"featured_media":59,"template":"","meta":[],"product_brand":[],"product_cat":[32,50],"product_tag":[],"class_list":{"0":"post-60","1":"product","2":"type-product","3":"status-publish","4":"has-post-thumbnail","6":"product_cat-agility","7":"product_cat-gatos","9":"first","10":"instock","11":"shipping-taxable","12":"purchasable","13":"product-type-simple"},"_links":{"self":[{"href":"https:\/\/shop.patotas.com.ar\/index.php\/wp-json\/wp\/v2\/product\/60","targetHints":{"allow":["GET"]}}],"collection":[{"href":"https:\/\/shop.patotas.com.ar\/index.php\/wp-json\/wp\/v2\/product"}],"about":[{"href":"https:\/\/shop.patotas.com.ar\/index.php\/wp-json\/wp\/v2\/types\/product"}],"wp:featuredmedia":[{"embeddable":true,"href":"https:\/\/shop.patotas.com.ar\/index.php\/wp-json\/wp\/v2\/media\/59"}],"wp:attachment":[{"href":"https:\/\/shop.patotas.com.ar\/index.php\/wp-json\/wp\/v2\/media?parent=60"}],"wp:term":[{"taxonomy":"product_brand","embeddable":true,"href":"https:\/\/shop.patotas.com.ar\/index.php\/wp-json\/wp\/v2\/product_brand?post=60"},{"taxonomy":"product_cat","embeddable":true,"href":"https:\/\/shop.patotas.com.ar\/index.php\/wp-json\/wp\/v2\/product_cat?post=60"},{"taxonomy":"product_tag","embeddable":true,"href":"https:\/\/shop.patotas.com.ar\/index.php\/wp-json\/wp\/v2\/product_tag?post=60"}],"curies":[{"name":"wp","href":"https:\/\/api.w.org\/{rel}","templated":true}]}}