{"id":61,"date":"2024-05-20T23:02:44","date_gmt":"2024-05-21T02:02:44","guid":{"rendered":"https:\/\/shop.patotas.com.ar\/?post_type=product&#038;p=61"},"modified":"2025-08-11T12:22:11","modified_gmt":"2025-08-11T15:22:11","slug":"agility-gato-urinario-x-10kg","status":"publish","type":"product","link":"https:\/\/shop.patotas.com.ar\/index.php\/producto\/agility-gato-urinario-x-10kg\/","title":{"rendered":"Agility Gato Urinario x 10kg"},"content":{"rendered":"<p>Agility Cats Adultos es un alimento balanceado completo, cocido por extrusi\u00f3n, resultado de una mezcla equilibrada de macronutrientes, micronutrientes y aditivos de alt\u00edsima calidad que cubren los requerimientos alimenticios de los gatos adultos sanos desde las 1 a\u00f1o hasta los 7 a\u00f1os, con tendencia a problemas urinarios. Entre sus ingredientes se destacan: las prote\u00ednas de alta digestibilidad que ayudan a tener los m\u00fasculos sanos y a un buen funcionamiento metab\u00f3lico; las fibras naturales, pulpa de remolacha + FOS; un balance \u00f3ptimo de calcio y f\u00f3sforo que contribuye al correcto desarrollo \u00f3seo. Colabora con el control de PH urinario y posee un bajo contenido de minerales que ayudan a reducir la formaci\u00f3n de cristales en la orina.<\/p>\n","protected":false},"excerpt":{"rendered":"<p>Agility Cats Adultos es un alimento balanceado completo, cocido por extrusi\u00f3n, resultado de una mezcla equilibrada de macronutrientes, micronutrientes y aditivos de alt\u00edsima calidad.<\/p>\n","protected":false},"featured_media":56,"template":"","meta":[],"product_brand":[],"product_cat":[32,50],"product_tag":[],"class_list":{"0":"post-61","1":"product","2":"type-product","3":"status-publish","4":"has-post-thumbnail","6":"product_cat-agility","7":"product_cat-gatos","9":"first","10":"instock","11":"shipping-taxable","12":"purchasable","13":"product-type-simple"},"_links":{"self":[{"href":"https:\/\/shop.patotas.com.ar\/index.php\/wp-json\/wp\/v2\/product\/61","targetHints":{"allow":["GET"]}}],"collection":[{"href":"https:\/\/shop.patotas.com.ar\/index.php\/wp-json\/wp\/v2\/product"}],"about":[{"href":"https:\/\/shop.patotas.com.ar\/index.php\/wp-json\/wp\/v2\/types\/product"}],"wp:featuredmedia":[{"embeddable":true,"href":"https:\/\/shop.patotas.com.ar\/index.php\/wp-json\/wp\/v2\/media\/56"}],"wp:attachment":[{"href":"https:\/\/shop.patotas.com.ar\/index.php\/wp-json\/wp\/v2\/media?parent=61"}],"wp:term":[{"taxonomy":"product_brand","embeddable":true,"href":"https:\/\/shop.patotas.com.ar\/index.php\/wp-json\/wp\/v2\/product_brand?post=61"},{"taxonomy":"product_cat","embeddable":true,"href":"https:\/\/shop.patotas.com.ar\/index.php\/wp-json\/wp\/v2\/product_cat?post=61"},{"taxonomy":"product_tag","embeddable":true,"href":"https:\/\/shop.patotas.com.ar\/index.php\/wp-json\/wp\/v2\/product_tag?post=61"}],"curies":[{"name":"wp","href":"https:\/\/api.w.org\/{rel}","templated":true}]}}