{"id":69,"date":"2024-05-20T23:22:01","date_gmt":"2024-05-21T02:22:01","guid":{"rendered":"https:\/\/shop.patotas.com.ar\/?post_type=product&#038;p=69"},"modified":"2025-08-11T12:11:03","modified_gmt":"2025-08-11T15:11:03","slug":"biopet-cachorros-x-15kg","status":"publish","type":"product","link":"https:\/\/shop.patotas.com.ar\/index.php\/producto\/biopet-cachorros-x-15kg\/","title":{"rendered":"Biopet Cachorros x 15kg"},"content":{"rendered":"<p>Indicado para cachorros de todas las razas hasta los 12 meses de vida. Las croquetas poseen un tama\u00f1o m\u00e1s peque\u00f1o, ideal y adecuado para su mordida. Puede ser utilizado como \u00fanico alimento, ya que contiene todos los nutrientes que su cachorro necesita para una vida saludable. OMEGA 3 y 6 son importantes para ayudar a la oxigenaci\u00f3n celular, para la funci\u00f3n reproductora, salud de la piel y calidad del pelaje.<\/p>\n","protected":false},"excerpt":{"rendered":"<p>Indicado para cachorros de todas las razas hasta los 12 meses de vida. Las croquetas poseen un tama\u00f1o m\u00e1s peque\u00f1o, ideal y adecuado para su mordida.<\/p>\n","protected":false},"featured_media":70,"template":"","meta":[],"product_brand":[],"product_cat":[22,48],"product_tag":[],"class_list":{"0":"post-69","1":"product","2":"type-product","3":"status-publish","4":"has-post-thumbnail","6":"product_cat-biopet","7":"product_cat-perros","9":"first","10":"instock","11":"shipping-taxable","12":"purchasable","13":"product-type-simple"},"_links":{"self":[{"href":"https:\/\/shop.patotas.com.ar\/index.php\/wp-json\/wp\/v2\/product\/69","targetHints":{"allow":["GET"]}}],"collection":[{"href":"https:\/\/shop.patotas.com.ar\/index.php\/wp-json\/wp\/v2\/product"}],"about":[{"href":"https:\/\/shop.patotas.com.ar\/index.php\/wp-json\/wp\/v2\/types\/product"}],"wp:featuredmedia":[{"embeddable":true,"href":"https:\/\/shop.patotas.com.ar\/index.php\/wp-json\/wp\/v2\/media\/70"}],"wp:attachment":[{"href":"https:\/\/shop.patotas.com.ar\/index.php\/wp-json\/wp\/v2\/media?parent=69"}],"wp:term":[{"taxonomy":"product_brand","embeddable":true,"href":"https:\/\/shop.patotas.com.ar\/index.php\/wp-json\/wp\/v2\/product_brand?post=69"},{"taxonomy":"product_cat","embeddable":true,"href":"https:\/\/shop.patotas.com.ar\/index.php\/wp-json\/wp\/v2\/product_cat?post=69"},{"taxonomy":"product_tag","embeddable":true,"href":"https:\/\/shop.patotas.com.ar\/index.php\/wp-json\/wp\/v2\/product_tag?post=69"}],"curies":[{"name":"wp","href":"https:\/\/api.w.org\/{rel}","templated":true}]}}