{"id":71,"date":"2024-05-20T23:26:11","date_gmt":"2024-05-21T02:26:11","guid":{"rendered":"https:\/\/shop.patotas.com.ar\/?post_type=product&#038;p=71"},"modified":"2025-08-11T12:11:03","modified_gmt":"2025-08-11T15:11:03","slug":"bioper-duo-x-20kg","status":"publish","type":"product","link":"https:\/\/shop.patotas.com.ar\/index.php\/producto\/bioper-duo-x-20kg\/","title":{"rendered":"Biopet Duo x 20kg"},"content":{"rendered":"<p>El Alimento Duo Can (Biopet) de 20 kg, es un producto de la marca Duo Can, reconocida por su calidad y compromiso con la salud de tu mascota. Este alimento seco, presentado en una pr\u00e1ctica bolsa, es ideal para perros de todas las razas y tama\u00f1os. Su sabor a carne y pollo es irresistible para los perros, y su f\u00f3rmula balanceada, con un 19% de prote\u00edna bruta, garantiza la nutrici\u00f3n que tu perro adulto necesita. Adem\u00e1s, contiene un m\u00ednimo de 10% de grasa y un m\u00e1ximo de 15% de fibra, aportando la energ\u00eda y la digestibilidad necesarias para su bienestar. Los ingredientes principales son ma\u00edz, trigo, arroz, harina de carne vacuna, gluten de ma\u00edz, salvado de trigo, harina de soja, grasa animal, aceite vegetal, avena, harina de v\u00edsceras de pollo, harina de pescado y lino. Aunque no es un protector de la salud oral, este alimento de la l\u00ednea Criadores, fabricado por Feedtrack, es una excelente opci\u00f3n para mantener a tu perro sano y feliz.<\/p>\n","protected":false},"excerpt":{"rendered":"<p>El Alimento Duo Can (Biopet) de 20 kg, es un producto de la marca Duo Can, reconocida por su calidad y compromiso con la salud de tu mascota.<\/p>\n","protected":false},"featured_media":72,"template":"","meta":[],"product_brand":[],"product_cat":[22,48],"product_tag":[],"class_list":{"0":"post-71","1":"product","2":"type-product","3":"status-publish","4":"has-post-thumbnail","6":"product_cat-biopet","7":"product_cat-perros","9":"first","10":"instock","11":"shipping-taxable","12":"purchasable","13":"product-type-simple"},"_links":{"self":[{"href":"https:\/\/shop.patotas.com.ar\/index.php\/wp-json\/wp\/v2\/product\/71","targetHints":{"allow":["GET"]}}],"collection":[{"href":"https:\/\/shop.patotas.com.ar\/index.php\/wp-json\/wp\/v2\/product"}],"about":[{"href":"https:\/\/shop.patotas.com.ar\/index.php\/wp-json\/wp\/v2\/types\/product"}],"wp:featuredmedia":[{"embeddable":true,"href":"https:\/\/shop.patotas.com.ar\/index.php\/wp-json\/wp\/v2\/media\/72"}],"wp:attachment":[{"href":"https:\/\/shop.patotas.com.ar\/index.php\/wp-json\/wp\/v2\/media?parent=71"}],"wp:term":[{"taxonomy":"product_brand","embeddable":true,"href":"https:\/\/shop.patotas.com.ar\/index.php\/wp-json\/wp\/v2\/product_brand?post=71"},{"taxonomy":"product_cat","embeddable":true,"href":"https:\/\/shop.patotas.com.ar\/index.php\/wp-json\/wp\/v2\/product_cat?post=71"},{"taxonomy":"product_tag","embeddable":true,"href":"https:\/\/shop.patotas.com.ar\/index.php\/wp-json\/wp\/v2\/product_tag?post=71"}],"curies":[{"name":"wp","href":"https:\/\/api.w.org\/{rel}","templated":true}]}}