{"id":75,"date":"2024-05-20T23:33:08","date_gmt":"2024-05-21T02:33:08","guid":{"rendered":"https:\/\/shop.patotas.com.ar\/?post_type=product&#038;p=75"},"modified":"2025-08-11T12:11:03","modified_gmt":"2025-08-11T15:11:03","slug":"dog-chow-perro-adulto-raza-mediana-grande-x-21-kg","status":"publish","type":"product","link":"https:\/\/shop.patotas.com.ar\/index.php\/producto\/dog-chow-perro-adulto-raza-mediana-grande-x-21-kg\/","title":{"rendered":"Dog Chow Perro Adulto Raza Mediana Grande x 21 kg"},"content":{"rendered":"<p>Los perros necesitan de un cambio gradual de alimentaci\u00f3n para evitar problemas digestivos. Para acostumbrarlo a Purina Dog Chow Doble Proteina medianos y grandes sin colorantes, cada d\u00eda mezcle menos cantidad del alimento anterior y m\u00e1s cantidad de Purina Dog Chow\u00ae Salud Visible adultos medianos y grandes sin colorantes, hasta que s\u00f3lo use este producto, de manera que el cambio est\u00e9 completo de 7 a 10 d\u00edas.<\/p>\n<p>Purina Dog Chow sin colorantes adultos medianos y grandes ahora con ExtraLife, una mezcla especial libre de colorantes, con antioxidantes, vitaminas y minerales que ayuda a maximizar la calidad de vida de tu perro, d\u00eda tras d\u00eda.<\/p>\n<p>Equilibra la flora intestinal. Prebi\u00f3tico natural<br \/>\nPromueve un pelaje brillante. Omegas 6 y 3<br \/>\nSalud oral<br \/>\nM\u00fasculos y huesos fuertes.<\/p>\n","protected":false},"excerpt":{"rendered":"<p>Los perros necesitan de un cambio gradual de alimentaci\u00f3n para evitar problemas digestivos. Para acostumbrarlo a Purina Dog Chow Doble Proteina medianos y grandes sin colorantes, cada d\u00eda mezcle menos cantidad del alimento anterior y m\u00e1s cantidad de Purina Dog Chow\u00ae Salud Visible adultos medianos y grandes sin colorantes, hasta que s\u00f3lo use este producto, de manera que el cambio est\u00e9 completo de 7 a 10 d\u00edas.<\/p>\n","protected":false},"featured_media":76,"template":"","meta":[],"product_brand":[],"product_cat":[28,48],"product_tag":[],"class_list":{"0":"post-75","1":"product","2":"type-product","3":"status-publish","4":"has-post-thumbnail","6":"product_cat-dogchow","7":"product_cat-perros","9":"first","10":"instock","11":"shipping-taxable","12":"purchasable","13":"product-type-simple"},"_links":{"self":[{"href":"https:\/\/shop.patotas.com.ar\/index.php\/wp-json\/wp\/v2\/product\/75","targetHints":{"allow":["GET"]}}],"collection":[{"href":"https:\/\/shop.patotas.com.ar\/index.php\/wp-json\/wp\/v2\/product"}],"about":[{"href":"https:\/\/shop.patotas.com.ar\/index.php\/wp-json\/wp\/v2\/types\/product"}],"wp:featuredmedia":[{"embeddable":true,"href":"https:\/\/shop.patotas.com.ar\/index.php\/wp-json\/wp\/v2\/media\/76"}],"wp:attachment":[{"href":"https:\/\/shop.patotas.com.ar\/index.php\/wp-json\/wp\/v2\/media?parent=75"}],"wp:term":[{"taxonomy":"product_brand","embeddable":true,"href":"https:\/\/shop.patotas.com.ar\/index.php\/wp-json\/wp\/v2\/product_brand?post=75"},{"taxonomy":"product_cat","embeddable":true,"href":"https:\/\/shop.patotas.com.ar\/index.php\/wp-json\/wp\/v2\/product_cat?post=75"},{"taxonomy":"product_tag","embeddable":true,"href":"https:\/\/shop.patotas.com.ar\/index.php\/wp-json\/wp\/v2\/product_tag?post=75"}],"curies":[{"name":"wp","href":"https:\/\/api.w.org\/{rel}","templated":true}]}}