{"id":90,"date":"2024-05-21T00:01:52","date_gmt":"2024-05-21T03:01:52","guid":{"rendered":"https:\/\/shop.patotas.com.ar\/?post_type=product&#038;p=90"},"modified":"2025-08-11T12:11:03","modified_gmt":"2025-08-11T15:11:03","slug":"cat-chow-gato-adulto-pescado-y-pollo-x-15-kg","status":"publish","type":"product","link":"https:\/\/shop.patotas.com.ar\/index.php\/producto\/cat-chow-gato-adulto-pescado-y-pollo-x-15-kg\/","title":{"rendered":"Cat Chow Gato adulto (Pescado y pollo) x 15 kg"},"content":{"rendered":"<p>Una buena nutrici\u00f3n es fundamental para proteger la salud de los gatos. Es por eso que desarrollamos PURINA\u00ae CAT CHOW\u00ae CON DEFENSE PLUS\u00ae, elaborado con una selecci\u00f3n de ingredientes naturales y mejorado, con la inclusi\u00f3n de un prebi\u00f3tico natural.<\/p>\n","protected":false},"excerpt":{"rendered":"<p>Una buena nutrici\u00f3n es fundamental para proteger la salud de los gatos.<\/p>\n","protected":false},"featured_media":91,"template":"","meta":[],"product_brand":[],"product_cat":[29,50],"product_tag":[],"class_list":{"0":"post-90","1":"product","2":"type-product","3":"status-publish","4":"has-post-thumbnail","6":"product_cat-catchow","7":"product_cat-gatos","9":"first","10":"instock","11":"shipping-taxable","12":"purchasable","13":"product-type-simple"},"_links":{"self":[{"href":"https:\/\/shop.patotas.com.ar\/index.php\/wp-json\/wp\/v2\/product\/90","targetHints":{"allow":["GET"]}}],"collection":[{"href":"https:\/\/shop.patotas.com.ar\/index.php\/wp-json\/wp\/v2\/product"}],"about":[{"href":"https:\/\/shop.patotas.com.ar\/index.php\/wp-json\/wp\/v2\/types\/product"}],"wp:featuredmedia":[{"embeddable":true,"href":"https:\/\/shop.patotas.com.ar\/index.php\/wp-json\/wp\/v2\/media\/91"}],"wp:attachment":[{"href":"https:\/\/shop.patotas.com.ar\/index.php\/wp-json\/wp\/v2\/media?parent=90"}],"wp:term":[{"taxonomy":"product_brand","embeddable":true,"href":"https:\/\/shop.patotas.com.ar\/index.php\/wp-json\/wp\/v2\/product_brand?post=90"},{"taxonomy":"product_cat","embeddable":true,"href":"https:\/\/shop.patotas.com.ar\/index.php\/wp-json\/wp\/v2\/product_cat?post=90"},{"taxonomy":"product_tag","embeddable":true,"href":"https:\/\/shop.patotas.com.ar\/index.php\/wp-json\/wp\/v2\/product_tag?post=90"}],"curies":[{"name":"wp","href":"https:\/\/api.w.org\/{rel}","templated":true}]}}