{"id":98,"date":"2024-05-21T00:10:30","date_gmt":"2024-05-21T03:10:30","guid":{"rendered":"https:\/\/shop.patotas.com.ar\/?post_type=product&#038;p=98"},"modified":"2025-08-11T12:11:03","modified_gmt":"2025-08-11T15:11:03","slug":"cat-chow-gato-esterilizado-x-3-kg","status":"publish","type":"product","link":"https:\/\/shop.patotas.com.ar\/index.php\/producto\/cat-chow-gato-esterilizado-x-3-kg\/","title":{"rendered":"Cat Chow Gato Esterilizado x 3 kg"},"content":{"rendered":"<p>La selecci\u00f3n de un alimento adecuado para tu mascota es muy importante para garantizar su crecimiento, desarrollo y salud. Con esta opci\u00f3n de Cat Chow podr\u00e1s cubrir las necesidades nutricionales y energ\u00e9ticas de tu gato.<\/p>\n<p>Tu mascota siempre saludable<br \/>\nUna alimentaci\u00f3n equilibrada es esencial para que tu fiel compa\u00f1ero se mantenga sano y fuerte. La dieta de tu gato se refleja en su pelaje, por eso es de vital importancia que contenga todos los nutrientes necesarios para su crecimiento. Asegur\u00e1 la energ\u00eda y vitalidad de tu amigo para que pueda correr, saltar y jugar todo el d\u00eda.<\/p>\n<p>Beneficios del alimento seco<br \/>\nLa mayor ventaja de la comida seca para mascotas es que se puede almacenar por mucho m\u00e1s tiempo sin que se deteriore, y evita la aparici\u00f3n de hongos o bacterias. Adem\u00e1s, este tipo de alimento ayuda a eliminar el sarro y a retrasar la formaci\u00f3n de la placa dental con el proceso de masticaci\u00f3n y trituraci\u00f3n.<\/p>\n<p>Prote\u00edna para una nutrici\u00f3n completa<br \/>\nAlimento rico en prote\u00edna animal de alto valor biol\u00f3gico, contiene minerales como calcio, f\u00f3sforo, potasio y hierro, vitaminas A, D y E, fibras y \u00e1cidos grasos esenciales. Estos nutrientes favorecen el fortalecimiento del sistema inmunol\u00f3gico de tu mascota y el correcto funcionamiento de sus sistemas vitales. Adem\u00e1s, contribuyen a la salud de su pelo, piel y u\u00f1as y al mantenimiento de sus tendones, m\u00fasculos y huesos.<\/p>\n","protected":false},"excerpt":{"rendered":"<p>La selecci\u00f3n de un alimento adecuado para tu mascota es muy importante para garantizar su crecimiento, desarrollo y salud. Con esta opci\u00f3n de Cat Chow podr\u00e1s cubrir las necesidades nutricionales y energ\u00e9ticas de tu gato.<\/p>\n","protected":false},"featured_media":99,"template":"","meta":[],"product_brand":[],"product_cat":[29,50],"product_tag":[],"class_list":{"0":"post-98","1":"product","2":"type-product","3":"status-publish","4":"has-post-thumbnail","6":"product_cat-catchow","7":"product_cat-gatos","9":"first","10":"instock","11":"shipping-taxable","12":"purchasable","13":"product-type-simple"},"_links":{"self":[{"href":"https:\/\/shop.patotas.com.ar\/index.php\/wp-json\/wp\/v2\/product\/98","targetHints":{"allow":["GET"]}}],"collection":[{"href":"https:\/\/shop.patotas.com.ar\/index.php\/wp-json\/wp\/v2\/product"}],"about":[{"href":"https:\/\/shop.patotas.com.ar\/index.php\/wp-json\/wp\/v2\/types\/product"}],"wp:featuredmedia":[{"embeddable":true,"href":"https:\/\/shop.patotas.com.ar\/index.php\/wp-json\/wp\/v2\/media\/99"}],"wp:attachment":[{"href":"https:\/\/shop.patotas.com.ar\/index.php\/wp-json\/wp\/v2\/media?parent=98"}],"wp:term":[{"taxonomy":"product_brand","embeddable":true,"href":"https:\/\/shop.patotas.com.ar\/index.php\/wp-json\/wp\/v2\/product_brand?post=98"},{"taxonomy":"product_cat","embeddable":true,"href":"https:\/\/shop.patotas.com.ar\/index.php\/wp-json\/wp\/v2\/product_cat?post=98"},{"taxonomy":"product_tag","embeddable":true,"href":"https:\/\/shop.patotas.com.ar\/index.php\/wp-json\/wp\/v2\/product_tag?post=98"}],"curies":[{"name":"wp","href":"https:\/\/api.w.org\/{rel}","templated":true}]}}